{"id":305,"date":"2026-02-02T15:39:08","date_gmt":"2026-02-02T15:39:08","guid":{"rendered":"https:\/\/chronomancie.fr\/?page_id=305"},"modified":"2026-02-03T10:42:00","modified_gmt":"2026-02-03T10:42:00","slug":"experiences-2","status":"publish","type":"page","link":"https:\/\/chronomancie.fr\/index.php\/experiences-2\/","title":{"rendered":"exp\u00e9riences"},"content":{"rendered":"\t\t<div data-elementor-type=\"wp-page\" data-elementor-id=\"305\" class=\"elementor elementor-305\" data-elementor-post-type=\"page\">\n\t\t\t\t<div class=\"elementor-element elementor-element-fa36a7a e-flex e-con-boxed e-con e-parent\" data-id=\"fa36a7a\" data-element_type=\"container\" data-e-type=\"container\" data-settings=\"{&quot;background_background&quot;:&quot;classic&quot;}\">\n\t\t\t\t\t<div class=\"e-con-inner\">\n\t\t<div class=\"elementor-element elementor-element-b1866ae e-con-full e-flex e-con e-child\" data-id=\"b1866ae\" data-element_type=\"container\" data-e-type=\"container\">\n\t\t\t\t<div class=\"elementor-element elementor-element-6b16fb7 elementor-widget elementor-widget-image\" data-id=\"6b16fb7\" data-element_type=\"widget\" data-e-type=\"widget\" data-widget_type=\"image.default\">\n\t\t\t\t\t\t\t\t\t\t\t\t\t\t\t<img fetchpriority=\"high\" decoding=\"async\" width=\"768\" height=\"1024\" src=\"https:\/\/chronomancie.fr\/wp-content\/uploads\/2026\/01\/tunnel-zero-miniature-768x1024.png\" class=\"attachment-large size-large wp-image-128\" alt=\"\" srcset=\"https:\/\/chronomancie.fr\/wp-content\/uploads\/2026\/01\/tunnel-zero-miniature-768x1024.png 768w, https:\/\/chronomancie.fr\/wp-content\/uploads\/2026\/01\/tunnel-zero-miniature-225x300.png 225w, https:\/\/chronomancie.fr\/wp-content\/uploads\/2026\/01\/tunnel-zero-miniature.png 1080w\" sizes=\"(max-width: 768px) 100vw, 768px\" \/>\t\t\t\t\t\t\t\t\t\t\t\t\t\t\t<\/div>\n\t\t\t\t<div class=\"elementor-element elementor-element-1ff4176 elementor-cta--skin-classic elementor-animated-content elementor-bg-transform elementor-bg-transform-zoom-in elementor-widget elementor-widget-call-to-action\" data-id=\"1ff4176\" data-element_type=\"widget\" data-e-type=\"widget\" data-widget_type=\"call-to-action.default\">\n\t\t\t\t\t\t\t<a class=\"elementor-cta\" href=\"https:\/\/chronomancie.fr\/index.php\/tunnel-zero\/\">\n\t\t\t\t\t\t\t<div class=\"elementor-cta__content\">\n\t\t\t\t\n\t\t\t\t\t\t\t\t\t<h2 class=\"elementor-cta__title elementor-cta__content-item elementor-content-item\">\n\t\t\t\t\t\tTUNNEL Z\u00c9RO\t\t\t\t\t<\/h2>\n\t\t\t\t\n\t\t\t\t\t\t\t\t\t<div class=\"elementor-cta__description elementor-cta__content-item elementor-content-item\">\n\t\t\t\t\t\t180 minutes\t\t\t\t\t<\/div>\n\t\t\t\t\n\t\t\t\t\t\t\t\t\t<div class=\"elementor-cta__button-wrapper elementor-cta__content-item elementor-content-item \">\n\t\t\t\t\t<span class=\"elementor-cta__button elementor-button elementor-size-\">\n\t\t\t\t\t\tinfos et r\u00e9servations\t\t\t\t\t<\/span>\n\t\t\t\t\t<\/div>\n\t\t\t\t\t\t\t<\/div>\n\t\t\t\t\t\t\t<div class=\"elementor-ribbon\">\n\t\t\t\t<div class=\"elementor-ribbon-inner\">\n\t\t\t\t\tEXT\u00c9RIEUR\t\t\t\t<\/div>\n\t\t\t<\/div>\n\t\t\t\t<\/a>\n\t\t\t\t\t\t<\/div>\n\t\t\t\t<div class=\"elementor-element elementor-element-7771775 elementor-widget elementor-widget-progress\" data-id=\"7771775\" data-element_type=\"widget\" data-e-type=\"widget\" data-widget_type=\"progress.default\">\n\t\t\t\t\t\n\t\t<div aria-label=\"Ma comp\u00e9tence\" class=\"elementor-progress-wrapper\" role=\"progressbar\" aria-valuemin=\"0\" aria-valuemax=\"100\" aria-valuenow=\"70\" aria-valuetext=\"70% (r\u00e9flexion)\">\n\t\t\t<div class=\"elementor-progress-bar\" data-max=\"70\">\n\t\t\t\t<span class=\"elementor-progress-text\">r\u00e9flexion<\/span>\n\t\t\t\t\t\t\t\t\t<span class=\"elementor-progress-percentage\">70%<\/span>\n\t\t\t\t\t\t\t<\/div>\n\t\t<\/div>\n\t\t\t\t\t\t<\/div>\n\t\t\t\t<div class=\"elementor-element elementor-element-a5fb53a elementor-widget elementor-widget-progress\" data-id=\"a5fb53a\" data-element_type=\"widget\" data-e-type=\"widget\" data-widget_type=\"progress.default\">\n\t\t\t\t\t\n\t\t<div aria-label=\"Ma comp\u00e9tence\" class=\"elementor-progress-wrapper\" role=\"progressbar\" aria-valuemin=\"0\" aria-valuemax=\"100\" aria-valuenow=\"40\" aria-valuetext=\"40% (fouille)\">\n\t\t\t<div class=\"elementor-progress-bar\" data-max=\"40\">\n\t\t\t\t<span class=\"elementor-progress-text\">fouille<\/span>\n\t\t\t\t\t\t\t\t\t<span class=\"elementor-progress-percentage\">40%<\/span>\n\t\t\t\t\t\t\t<\/div>\n\t\t<\/div>\n\t\t\t\t\t\t<\/div>\n\t\t\t\t<div class=\"elementor-element elementor-element-56b24a7 elementor-widget elementor-widget-progress\" data-id=\"56b24a7\" data-element_type=\"widget\" data-e-type=\"widget\" data-widget_type=\"progress.default\">\n\t\t\t\t\t\n\t\t<div aria-label=\"Ma comp\u00e9tence\" class=\"elementor-progress-wrapper\" role=\"progressbar\" aria-valuemin=\"0\" aria-valuemax=\"100\" aria-valuenow=\"80\" aria-valuetext=\"80% (manipulation)\">\n\t\t\t<div class=\"elementor-progress-bar\" data-max=\"80\">\n\t\t\t\t<span class=\"elementor-progress-text\">manipulation<\/span>\n\t\t\t\t\t\t\t\t\t<span class=\"elementor-progress-percentage\">80%<\/span>\n\t\t\t\t\t\t\t<\/div>\n\t\t<\/div>\n\t\t\t\t\t\t<\/div>\n\t\t\t\t<\/div>\n\t\t<div class=\"elementor-element elementor-element-8790ba4 e-con-full e-flex e-con e-child\" data-id=\"8790ba4\" data-element_type=\"container\" data-e-type=\"container\">\n\t\t\t\t<div class=\"elementor-element elementor-element-f05648e elementor-widget elementor-widget-image\" data-id=\"f05648e\" data-element_type=\"widget\" data-e-type=\"widget\" data-widget_type=\"image.default\">\n\t\t\t\t\t\t\t\t\t\t\t\t\t\t\t<img decoding=\"async\" width=\"768\" height=\"1024\" src=\"https:\/\/chronomancie.fr\/wp-content\/uploads\/2026\/02\/affiche-cerca-trova-768x1024.png\" class=\"attachment-large size-large wp-image-351\" alt=\"\" srcset=\"https:\/\/chronomancie.fr\/wp-content\/uploads\/2026\/02\/affiche-cerca-trova-768x1024.png 768w, https:\/\/chronomancie.fr\/wp-content\/uploads\/2026\/02\/affiche-cerca-trova-225x300.png 225w, https:\/\/chronomancie.fr\/wp-content\/uploads\/2026\/02\/affiche-cerca-trova.png 1080w\" sizes=\"(max-width: 768px) 100vw, 768px\" \/>\t\t\t\t\t\t\t\t\t\t\t\t\t\t\t<\/div>\n\t\t\t\t<div class=\"elementor-element elementor-element-4471a0f elementor-cta--skin-classic elementor-animated-content elementor-bg-transform elementor-bg-transform-zoom-in elementor-widget elementor-widget-call-to-action\" data-id=\"4471a0f\" data-element_type=\"widget\" data-e-type=\"widget\" data-widget_type=\"call-to-action.default\">\n\t\t\t\t\t\t\t<a class=\"elementor-cta\" href=\"https:\/\/chronomancie.fr\/index.php\/cerca-trova\/\">\n\t\t\t\t\t\t\t<div class=\"elementor-cta__content\">\n\t\t\t\t\n\t\t\t\t\t\t\t\t\t<h2 class=\"elementor-cta__title elementor-cta__content-item elementor-content-item\">\n\t\t\t\t\t\tCERCA TROVA\t\t\t\t\t<\/h2>\n\t\t\t\t\n\t\t\t\t\t\t\t\t\t<div class=\"elementor-cta__description elementor-cta__content-item elementor-content-item\">\n\t\t\t\t\t\t120 minutes\t\t\t\t\t<\/div>\n\t\t\t\t\n\t\t\t\t\t\t\t\t\t<div class=\"elementor-cta__button-wrapper elementor-cta__content-item elementor-content-item \">\n\t\t\t\t\t<span class=\"elementor-cta__button elementor-button elementor-size-\">\n\t\t\t\t\t\tinfos et r\u00e9servations\t\t\t\t\t<\/span>\n\t\t\t\t\t<\/div>\n\t\t\t\t\t\t\t<\/div>\n\t\t\t\t\t\t\t<div class=\"elementor-ribbon\">\n\t\t\t\t<div class=\"elementor-ribbon-inner\">\n\t\t\t\t\tINT\u00c9RIEUR\t\t\t\t<\/div>\n\t\t\t<\/div>\n\t\t\t\t<\/a>\n\t\t\t\t\t\t<\/div>\n\t\t\t\t<div class=\"elementor-element elementor-element-e952df3 elementor-widget elementor-widget-progress\" data-id=\"e952df3\" data-element_type=\"widget\" data-e-type=\"widget\" data-widget_type=\"progress.default\">\n\t\t\t\t\t\n\t\t<div aria-label=\"Ma comp\u00e9tence\" class=\"elementor-progress-wrapper\" role=\"progressbar\" aria-valuemin=\"0\" aria-valuemax=\"100\" aria-valuenow=\"90\" aria-valuetext=\"90% (r\u00e9flexion)\">\n\t\t\t<div class=\"elementor-progress-bar\" data-max=\"90\">\n\t\t\t\t<span class=\"elementor-progress-text\">r\u00e9flexion<\/span>\n\t\t\t\t\t\t\t\t\t<span class=\"elementor-progress-percentage\">90%<\/span>\n\t\t\t\t\t\t\t<\/div>\n\t\t<\/div>\n\t\t\t\t\t\t<\/div>\n\t\t\t\t<div class=\"elementor-element elementor-element-ffbf161 elementor-widget elementor-widget-progress\" data-id=\"ffbf161\" data-element_type=\"widget\" data-e-type=\"widget\" data-widget_type=\"progress.default\">\n\t\t\t\t\t\n\t\t<div aria-label=\"Ma comp\u00e9tence\" class=\"elementor-progress-wrapper\" role=\"progressbar\" aria-valuemin=\"0\" aria-valuemax=\"100\" aria-valuenow=\"80\" aria-valuetext=\"80% (fouille)\">\n\t\t\t<div class=\"elementor-progress-bar\" data-max=\"80\">\n\t\t\t\t<span class=\"elementor-progress-text\">fouille<\/span>\n\t\t\t\t\t\t\t\t\t<span class=\"elementor-progress-percentage\">80%<\/span>\n\t\t\t\t\t\t\t<\/div>\n\t\t<\/div>\n\t\t\t\t\t\t<\/div>\n\t\t\t\t<div class=\"elementor-element elementor-element-73a7ce9 elementor-widget elementor-widget-progress\" data-id=\"73a7ce9\" data-element_type=\"widget\" data-e-type=\"widget\" data-widget_type=\"progress.default\">\n\t\t\t\t\t\n\t\t<div aria-label=\"Ma comp\u00e9tence\" class=\"elementor-progress-wrapper\" role=\"progressbar\" aria-valuemin=\"0\" aria-valuemax=\"100\" aria-valuenow=\"70\" aria-valuetext=\"70% (manipulation)\">\n\t\t\t<div class=\"elementor-progress-bar\" data-max=\"70\">\n\t\t\t\t<span class=\"elementor-progress-text\">manipulation<\/span>\n\t\t\t\t\t\t\t\t\t<span class=\"elementor-progress-percentage\">70%<\/span>\n\t\t\t\t\t\t\t<\/div>\n\t\t<\/div>\n\t\t\t\t\t\t<\/div>\n\t\t\t\t<\/div>\n\t\t<div class=\"elementor-element elementor-element-453b08c e-con-full e-flex e-con e-child\" data-id=\"453b08c\" data-element_type=\"container\" data-e-type=\"container\">\n\t\t\t\t<div class=\"elementor-element elementor-element-2153752 elementor-widget elementor-widget-image\" data-id=\"2153752\" data-element_type=\"widget\" data-e-type=\"widget\" data-widget_type=\"image.default\">\n\t\t\t\t\t\t\t\t\t\t\t\t\t\t\t<img decoding=\"async\" width=\"768\" height=\"1024\" src=\"https:\/\/chronomancie.fr\/wp-content\/uploads\/2026\/02\/charivari-poster-768x1024.png\" class=\"attachment-large size-large wp-image-358\" alt=\"\" srcset=\"https:\/\/chronomancie.fr\/wp-content\/uploads\/2026\/02\/charivari-poster-768x1024.png 768w, https:\/\/chronomancie.fr\/wp-content\/uploads\/2026\/02\/charivari-poster-225x300.png 225w, https:\/\/chronomancie.fr\/wp-content\/uploads\/2026\/02\/charivari-poster.png 1080w\" sizes=\"(max-width: 768px) 100vw, 768px\" \/>\t\t\t\t\t\t\t\t\t\t\t\t\t\t\t<\/div>\n\t\t\t\t<div class=\"elementor-element elementor-element-b8f4a18 elementor-cta--skin-classic elementor-animated-content elementor-bg-transform elementor-bg-transform-zoom-in elementor-widget elementor-widget-call-to-action\" data-id=\"b8f4a18\" data-element_type=\"widget\" data-e-type=\"widget\" data-widget_type=\"call-to-action.default\">\n\t\t\t\t\t\t\t<a class=\"elementor-cta\" href=\"https:\/\/chronomancie.fr\/index.php\/charivari\/\">\n\t\t\t\t\t\t\t<div class=\"elementor-cta__content\">\n\t\t\t\t\n\t\t\t\t\t\t\t\t\t<h2 class=\"elementor-cta__title elementor-cta__content-item elementor-content-item\">\n\t\t\t\t\t\tCHARIVARI\t\t\t\t\t<\/h2>\n\t\t\t\t\n\t\t\t\t\t\t\t\t\t<div class=\"elementor-cta__description elementor-cta__content-item elementor-content-item\">\n\t\t\t\t\t\t90 minutes\t\t\t\t\t<\/div>\n\t\t\t\t\n\t\t\t\t\t\t\t\t\t<div class=\"elementor-cta__button-wrapper elementor-cta__content-item elementor-content-item \">\n\t\t\t\t\t<span class=\"elementor-cta__button elementor-button elementor-size-\">\n\t\t\t\t\t\tinfos et r\u00e9servations\t\t\t\t\t<\/span>\n\t\t\t\t\t<\/div>\n\t\t\t\t\t\t\t<\/div>\n\t\t\t\t\t\t\t<div class=\"elementor-ribbon\">\n\t\t\t\t<div class=\"elementor-ribbon-inner\">\n\t\t\t\t\tEXT\u00c9RIEUR\t\t\t\t<\/div>\n\t\t\t<\/div>\n\t\t\t\t<\/a>\n\t\t\t\t\t\t<\/div>\n\t\t\t\t<div class=\"elementor-element elementor-element-26d1a71 elementor-widget elementor-widget-progress\" data-id=\"26d1a71\" data-element_type=\"widget\" data-e-type=\"widget\" data-widget_type=\"progress.default\">\n\t\t\t\t\t\n\t\t<div aria-label=\"Ma comp\u00e9tence\" class=\"elementor-progress-wrapper\" role=\"progressbar\" aria-valuemin=\"0\" aria-valuemax=\"100\" aria-valuenow=\"40\" aria-valuetext=\"40% (r\u00e9flexion)\">\n\t\t\t<div class=\"elementor-progress-bar\" data-max=\"40\">\n\t\t\t\t<span class=\"elementor-progress-text\">r\u00e9flexion<\/span>\n\t\t\t\t\t\t\t\t\t<span class=\"elementor-progress-percentage\">40%<\/span>\n\t\t\t\t\t\t\t<\/div>\n\t\t<\/div>\n\t\t\t\t\t\t<\/div>\n\t\t\t\t<div class=\"elementor-element elementor-element-b834d33 elementor-widget elementor-widget-progress\" data-id=\"b834d33\" data-element_type=\"widget\" data-e-type=\"widget\" data-widget_type=\"progress.default\">\n\t\t\t\t\t\n\t\t<div aria-label=\"Ma comp\u00e9tence\" class=\"elementor-progress-wrapper\" role=\"progressbar\" aria-valuemin=\"0\" aria-valuemax=\"100\" aria-valuenow=\"100\" aria-valuetext=\"100% (fouille)\">\n\t\t\t<div class=\"elementor-progress-bar\" data-max=\"100\">\n\t\t\t\t<span class=\"elementor-progress-text\">fouille<\/span>\n\t\t\t\t\t\t\t\t\t<span class=\"elementor-progress-percentage\">100%<\/span>\n\t\t\t\t\t\t\t<\/div>\n\t\t<\/div>\n\t\t\t\t\t\t<\/div>\n\t\t\t\t<div class=\"elementor-element elementor-element-2202a75 elementor-widget elementor-widget-progress\" data-id=\"2202a75\" data-element_type=\"widget\" data-e-type=\"widget\" data-widget_type=\"progress.default\">\n\t\t\t\t\t\n\t\t<div aria-label=\"Ma comp\u00e9tence\" class=\"elementor-progress-wrapper\" role=\"progressbar\" aria-valuemin=\"0\" aria-valuemax=\"100\" aria-valuenow=\"60\" aria-valuetext=\"60% (manipulation)\">\n\t\t\t<div class=\"elementor-progress-bar\" data-max=\"60\">\n\t\t\t\t<span class=\"elementor-progress-text\">manipulation<\/span>\n\t\t\t\t\t\t\t\t\t<span class=\"elementor-progress-percentage\">60%<\/span>\n\t\t\t\t\t\t\t<\/div>\n\t\t<\/div>\n\t\t\t\t\t\t<\/div>\n\t\t\t\t<\/div>\n\t\t\t\t\t<\/div>\n\t\t\t\t<\/div>\n\t\t\t\t<\/div>\n\t\t","protected":false},"excerpt":{"rendered":"<p>TUNNEL Z\u00c9RO 180 minutes infos et r\u00e9servations EXT\u00c9RIEUR r\u00e9flexion 70% fouille 40% manipulation 80% CERCA TROVA 120 minutes infos et r\u00e9servations INT\u00c9RIEUR r\u00e9flexion 90% fouille 80% manipulation 70% CHARIVARI 90 minutes infos et r\u00e9servations EXT\u00c9RIEUR r\u00e9flexion 40% fouille 100% manipulation 60%<\/p>\n","protected":false},"author":1,"featured_media":0,"parent":0,"menu_order":0,"comment_status":"closed","ping_status":"closed","template":"","meta":{"footnotes":""},"class_list":["post-305","page","type-page","status-publish","hentry"],"_links":{"self":[{"href":"https:\/\/chronomancie.fr\/index.php\/wp-json\/wp\/v2\/pages\/305","targetHints":{"allow":["GET"]}}],"collection":[{"href":"https:\/\/chronomancie.fr\/index.php\/wp-json\/wp\/v2\/pages"}],"about":[{"href":"https:\/\/chronomancie.fr\/index.php\/wp-json\/wp\/v2\/types\/page"}],"author":[{"embeddable":true,"href":"https:\/\/chronomancie.fr\/index.php\/wp-json\/wp\/v2\/users\/1"}],"replies":[{"embeddable":true,"href":"https:\/\/chronomancie.fr\/index.php\/wp-json\/wp\/v2\/comments?post=305"}],"version-history":[{"count":8,"href":"https:\/\/chronomancie.fr\/index.php\/wp-json\/wp\/v2\/pages\/305\/revisions"}],"predecessor-version":[{"id":392,"href":"https:\/\/chronomancie.fr\/index.php\/wp-json\/wp\/v2\/pages\/305\/revisions\/392"}],"wp:attachment":[{"href":"https:\/\/chronomancie.fr\/index.php\/wp-json\/wp\/v2\/media?parent=305"}],"curies":[{"name":"wp","href":"https:\/\/api.w.org\/{rel}","templated":true}]}}