{"id":585,"date":"2026-02-05T15:25:09","date_gmt":"2026-02-05T15:25:09","guid":{"rendered":"https:\/\/chronomancie.fr\/?page_id=585"},"modified":"2026-02-06T14:34:54","modified_gmt":"2026-02-06T14:34:54","slug":"groupes","status":"publish","type":"page","link":"https:\/\/chronomancie.fr\/index.php\/groupes\/","title":{"rendered":"\u00c0 la demande"},"content":{"rendered":"\t\t<div data-elementor-type=\"wp-page\" data-elementor-id=\"585\" class=\"elementor elementor-585\" data-elementor-post-type=\"page\">\n\t\t\t\t<div class=\"elementor-element elementor-element-306c96a e-flex e-con-boxed e-con e-parent\" data-id=\"306c96a\" data-element_type=\"container\" data-e-type=\"container\" data-settings=\"{&quot;background_background&quot;:&quot;classic&quot;}\">\n\t\t\t\t\t<div class=\"e-con-inner\">\n\t\t\t\t<div class=\"elementor-element elementor-element-0c402dd elementor-invisible elementor-widget elementor-widget-heading\" data-id=\"0c402dd\" data-element_type=\"widget\" data-e-type=\"widget\" data-settings=\"{&quot;_animation&quot;:&quot;fadeInDown&quot;}\" data-widget_type=\"heading.default\">\n\t\t\t\t\t<h1 class=\"elementor-heading-title elementor-size-default\">\u00e0 la demande<\/h1>\t\t\t\t<\/div>\n\t\t\t\t<div class=\"elementor-element elementor-element-357cbcf elementor-view-default elementor-widget elementor-widget-icon\" data-id=\"357cbcf\" data-element_type=\"widget\" data-e-type=\"widget\" data-widget_type=\"icon.default\">\n\t\t\t\t\t\t\t<div class=\"elementor-icon-wrapper\">\n\t\t\t<div class=\"elementor-icon\">\n\t\t\t<svg aria-hidden=\"true\" class=\"e-font-icon-svg e-fas-angle-down\" viewBox=\"0 0 320 512\" xmlns=\"http:\/\/www.w3.org\/2000\/svg\"><path d=\"M143 352.3L7 216.3c-9.4-9.4-9.4-24.6 0-33.9l22.6-22.6c9.4-9.4 24.6-9.4 33.9 0l96.4 96.4 96.4-96.4c9.4-9.4 24.6-9.4 33.9 0l22.6 22.6c9.4 9.4 9.4 24.6 0 33.9l-136 136c-9.2 9.4-24.4 9.4-33.8 0z\"><\/path><\/svg>\t\t\t<\/div>\n\t\t<\/div>\n\t\t\t\t\t\t<\/div>\n\t\t\t\t\t<\/div>\n\t\t\t\t<\/div>\n\t\t<div class=\"elementor-element elementor-element-fbade75 e-flex e-con-boxed e-con e-parent\" data-id=\"fbade75\" data-element_type=\"container\" data-e-type=\"container\" data-settings=\"{&quot;background_background&quot;:&quot;classic&quot;}\">\n\t\t\t\t\t<div class=\"e-con-inner\">\n\t\t\t\t<div class=\"elementor-element elementor-element-76b8266 elementor-widget elementor-widget-text-editor\" data-id=\"76b8266\" data-element_type=\"widget\" data-e-type=\"widget\" data-widget_type=\"text-editor.default\">\n\t\t\t\t\t\t\t\t\t<p>Chronomancie propose des exp\u00e9riences \u00e0 la demande destin\u00e9es aux groupes et aux privatisations. <br \/>Ce service ouvre la voie \u00e0 la cr\u00e9ation d&rsquo;exp\u00e9riences in\u00e9dites.\u00a0<\/p>\t\t\t\t\t\t\t\t<\/div>\n\t\t\t\t\t<\/div>\n\t\t\t\t<\/div>\n\t\t<div class=\"elementor-element elementor-element-70a688f e-flex e-con-boxed e-con e-parent\" data-id=\"70a688f\" data-element_type=\"container\" data-e-type=\"container\" data-settings=\"{&quot;background_background&quot;:&quot;classic&quot;}\">\n\t\t\t\t\t<div class=\"e-con-inner\">\n\t\t<div class=\"elementor-element elementor-element-b1a3746 e-con-full e-flex e-con e-child\" data-id=\"b1a3746\" data-element_type=\"container\" data-e-type=\"container\">\n\t\t\t\t<div class=\"elementor-element elementor-element-01c0da8 elementor-position-top elementor-widget elementor-widget-image-box\" data-id=\"01c0da8\" data-element_type=\"widget\" data-e-type=\"widget\" data-widget_type=\"image-box.default\">\n\t\t\t\t\t<div class=\"elementor-image-box-wrapper\"><figure class=\"elementor-image-box-img\"><img fetchpriority=\"high\" decoding=\"async\" width=\"1409\" height=\"2000\" src=\"https:\/\/chronomancie.fr\/wp-content\/uploads\/2026\/02\/7-1.png\" class=\"attachment-full size-full wp-image-605\" alt=\"\" srcset=\"https:\/\/chronomancie.fr\/wp-content\/uploads\/2026\/02\/7-1.png 1409w, https:\/\/chronomancie.fr\/wp-content\/uploads\/2026\/02\/7-1-211x300.png 211w, https:\/\/chronomancie.fr\/wp-content\/uploads\/2026\/02\/7-1-721x1024.png 721w, https:\/\/chronomancie.fr\/wp-content\/uploads\/2026\/02\/7-1-768x1090.png 768w, https:\/\/chronomancie.fr\/wp-content\/uploads\/2026\/02\/7-1-1082x1536.png 1082w\" sizes=\"(max-width: 1409px) 100vw, 1409px\" \/><\/figure><div class=\"elementor-image-box-content\"><h3 class=\"elementor-image-box-title\">L'EXP\u00c9RIENCE EN EXCLUSIVIT\u00c9<\/h3><p class=\"elementor-image-box-description\">Notre \u00e9quipe de Chronomanciens vous propose de privatiser des exp\u00e9riences du catalogue pour votre communaut\u00e9.\n<br \/> <br \/>\nCe programme est id\u00e9al pour les entreprises, les \u00e9coles, les centres de loisirs, les groupes d'amis et les familles.<\/p><\/div><\/div>\t\t\t\t<\/div>\n\t\t\t\t<\/div>\n\t\t<div class=\"elementor-element elementor-element-c0e54ed e-con-full e-flex e-con e-child\" data-id=\"c0e54ed\" data-element_type=\"container\" data-e-type=\"container\">\n\t\t\t\t<div class=\"elementor-element elementor-element-ddc4b53 elementor-position-top elementor-widget elementor-widget-image-box\" data-id=\"ddc4b53\" data-element_type=\"widget\" data-e-type=\"widget\" data-widget_type=\"image-box.default\">\n\t\t\t\t\t<div class=\"elementor-image-box-wrapper\"><figure class=\"elementor-image-box-img\"><img decoding=\"async\" width=\"721\" height=\"1024\" src=\"https:\/\/chronomancie.fr\/wp-content\/uploads\/2026\/02\/8-1-721x1024.png\" class=\"attachment-large size-large wp-image-604\" alt=\"\" srcset=\"https:\/\/chronomancie.fr\/wp-content\/uploads\/2026\/02\/8-1-721x1024.png 721w, https:\/\/chronomancie.fr\/wp-content\/uploads\/2026\/02\/8-1-211x300.png 211w, https:\/\/chronomancie.fr\/wp-content\/uploads\/2026\/02\/8-1-768x1090.png 768w, https:\/\/chronomancie.fr\/wp-content\/uploads\/2026\/02\/8-1-1082x1536.png 1082w, https:\/\/chronomancie.fr\/wp-content\/uploads\/2026\/02\/8-1.png 1409w\" sizes=\"(max-width: 721px) 100vw, 721px\" \/><\/figure><div class=\"elementor-image-box-content\"><h3 class=\"elementor-image-box-title\">CR\u00c9ER L'IN\u00c9DIT<\/h3><p class=\"elementor-image-box-description\">Notre \u00e9quipe de Chronomanciens vous propose de cr\u00e9er des exp\u00e9riences in\u00e9dites, rien que pour vous. \n<br \/><br \/>\nCe programme est id\u00e9al pour les propri\u00e9taires publiques et priv\u00e9s de lieux insolites et remarquables.<\/p><\/div><\/div>\t\t\t\t<\/div>\n\t\t\t\t<\/div>\n\t\t\t\t\t<\/div>\n\t\t\t\t<\/div>\n\t\t<div class=\"elementor-element elementor-element-b632caa e-flex e-con-boxed e-con e-parent\" data-id=\"b632caa\" data-element_type=\"container\" data-e-type=\"container\" data-settings=\"{&quot;background_background&quot;:&quot;classic&quot;}\">\n\t\t\t\t\t<div class=\"e-con-inner\">\n\t\t\t\t<div class=\"elementor-element elementor-element-c1ecb04 elementor-widget elementor-widget-text-editor\" data-id=\"c1ecb04\" data-element_type=\"widget\" data-e-type=\"widget\" data-widget_type=\"text-editor.default\">\n\t\t\t\t\t\t\t\t\t<p>Demandez notre catalogue et notre brochures d\u00e9di\u00e9es aux groupes et aux propri\u00e9taires de lieux insolites et remarquables.<\/p>\t\t\t\t\t\t\t\t<\/div>\n\t\t\t\t\t<\/div>\n\t\t\t\t<\/div>\n\t\t<div class=\"elementor-element elementor-element-bfca48a e-flex e-con-boxed e-con e-parent\" data-id=\"bfca48a\" data-element_type=\"container\" data-e-type=\"container\" data-settings=\"{&quot;background_background&quot;:&quot;classic&quot;}\">\n\t\t\t\t\t<div class=\"e-con-inner\">\n\t\t\t\t<div class=\"elementor-element elementor-element-cde2bc5 elementor-button-align-center elementor-widget elementor-widget-form\" data-id=\"cde2bc5\" data-element_type=\"widget\" data-e-type=\"widget\" data-settings=\"{&quot;step_next_label&quot;:&quot;Suivant&quot;,&quot;step_previous_label&quot;:&quot;Pr\\u00e9c\\u00e9dent&quot;,&quot;button_width&quot;:&quot;100&quot;,&quot;step_type&quot;:&quot;number_text&quot;,&quot;step_icon_shape&quot;:&quot;circle&quot;}\" data-widget_type=\"form.default\">\n\t\t\t\t\t\t\t<form class=\"elementor-form\" method=\"post\" name=\"attente-charivari\" aria-label=\"attente-charivari\">\n\t\t\t<input type=\"hidden\" name=\"post_id\" value=\"585\"\/>\n\t\t\t<input type=\"hidden\" name=\"form_id\" value=\"cde2bc5\"\/>\n\t\t\t<input type=\"hidden\" name=\"referer_title\" value=\"\u00c0 la demande\" \/>\n\n\t\t\t\t\t\t\t<input type=\"hidden\" name=\"queried_id\" value=\"585\"\/>\n\t\t\t\n\t\t\t<div class=\"elementor-form-fields-wrapper elementor-labels-above\">\n\t\t\t\t\t\t\t\t<div class=\"elementor-field-type-email elementor-field-group elementor-column elementor-field-group-email elementor-col-100 elementor-field-required\">\n\t\t\t\t\t\t\t\t\t\t\t\t\t<input size=\"1\" type=\"email\" name=\"form_fields[email]\" id=\"form-field-email\" class=\"elementor-field elementor-size-sm  elementor-field-textual\" placeholder=\"\u00e9crivez votre adresse @\" required=\"required\">\n\t\t\t\t\t\t\t\t\t\t\t<\/div>\n\t\t\t\t\t\t\t\t<div class=\"elementor-field-group elementor-column elementor-field-type-submit elementor-col-100 e-form__buttons\">\n\t\t\t\t\t<button class=\"elementor-button elementor-size-sm\" type=\"submit\">\n\t\t\t\t\t\t<span class=\"elementor-button-content-wrapper\">\n\t\t\t\t\t\t\t\t\t\t\t\t\t\t\t\t\t\t\t\t\t\t<span class=\"elementor-button-text\">envoyer<\/span>\n\t\t\t\t\t\t\t\t\t\t\t\t\t<\/span>\n\t\t\t\t\t<\/button>\n\t\t\t\t<\/div>\n\t\t\t<\/div>\n\t\t<\/form>\n\t\t\t\t\t\t<\/div>\n\t\t\t\t\t<\/div>\n\t\t\t\t<\/div>\n\t\t\t\t<\/div>\n\t\t","protected":false},"excerpt":{"rendered":"<p>\u00e0 la demande Chronomancie propose des exp\u00e9riences \u00e0 la demande destin\u00e9es aux groupes et aux privatisations. Ce service ouvre la voie \u00e0 la cr\u00e9ation d&rsquo;exp\u00e9riences in\u00e9dites.\u00a0 L&rsquo;EXP\u00c9RIENCE EN EXCLUSIVIT\u00c9 Notre \u00e9quipe de Chronomanciens vous propose de privatiser des exp\u00e9riences du catalogue pour votre communaut\u00e9. Ce programme est id\u00e9al pour les entreprises, les \u00e9coles, les centres [&hellip;]<\/p>\n","protected":false},"author":1,"featured_media":0,"parent":0,"menu_order":0,"comment_status":"closed","ping_status":"closed","template":"","meta":{"footnotes":""},"class_list":["post-585","page","type-page","status-publish","hentry"],"_links":{"self":[{"href":"https:\/\/chronomancie.fr\/index.php\/wp-json\/wp\/v2\/pages\/585","targetHints":{"allow":["GET"]}}],"collection":[{"href":"https:\/\/chronomancie.fr\/index.php\/wp-json\/wp\/v2\/pages"}],"about":[{"href":"https:\/\/chronomancie.fr\/index.php\/wp-json\/wp\/v2\/types\/page"}],"author":[{"embeddable":true,"href":"https:\/\/chronomancie.fr\/index.php\/wp-json\/wp\/v2\/users\/1"}],"replies":[{"embeddable":true,"href":"https:\/\/chronomancie.fr\/index.php\/wp-json\/wp\/v2\/comments?post=585"}],"version-history":[{"count":22,"href":"https:\/\/chronomancie.fr\/index.php\/wp-json\/wp\/v2\/pages\/585\/revisions"}],"predecessor-version":[{"id":617,"href":"https:\/\/chronomancie.fr\/index.php\/wp-json\/wp\/v2\/pages\/585\/revisions\/617"}],"wp:attachment":[{"href":"https:\/\/chronomancie.fr\/index.php\/wp-json\/wp\/v2\/media?parent=585"}],"curies":[{"name":"wp","href":"https:\/\/api.w.org\/{rel}","templated":true}]}}